{"id":20,"date":"2017-09-03T10:14:45","date_gmt":"2017-09-03T10:14:45","guid":{"rendered":"http:\/\/antike-bremen.de\/?page_id=20"},"modified":"2018-12-20T08:25:51","modified_gmt":"2018-12-20T08:25:51","slug":"exkursionen","status":"publish","type":"page","link":"https:\/\/antike-bremen.de\/?page_id=20","title":{"rendered":"Exkursionen"},"content":{"rendered":"<h2>Reisen Sie mit uns!<\/h2>\n<p>Auch in diesem Jahr haben wir spannende Reisen f\u00fcr Sie vorbereitet. Alle Reisen werden mit unserem langj\u00e4hrigen Partner <strong>Orpheus. Kultur- und Studienreisen<\/strong> geplant und organisiert. Weitere Informationen zu allen Reisen erhalten Sie von uns \u00fcber info@antike-bremen.de oder direkt von Orpheus Reisen: <a href=\"http:\/\/www.orpheus-reisen.de\">www.orpheus-reisen.de.<\/a><\/p>\n<hr \/>\n<h2>Sommerfrische auf Rhodos<br \/>\n<strong>29.06. \u2013 06.07.2019<\/strong>: 8t\u00e4gige Flugreise<\/h2>\n<p><strong>Reiseleitung<\/strong>: Nils Steffen und Marko M\u00fcller<br \/>\n<strong>Programm<\/strong>: Besichtigung der mittelalterlichen Stadt mit Apollontempel, dem \u201ePalast des Gro\u00dfmeisters\u201c, Byzantinischem Museum, Volkskundemuseum und sowie Besuch der Gem\u00e4ldegalerie. Ganzt\u00e4gige Inselrundfahrt u.a. mit der byzantinischen Kirche St. Nikolaos Funtukli, von Profitis Elias geht es nach Embonas-Monolithos, Weinverkostung auf einem typischen Weingut, Tagesausflug per Boot auf die Insel Symi, Ganzt\u00e4giger Ausflug Filerimos, Kamiros und Schmetterlingstal, Besuchder Atehna und Zeus Tempel, Inselrundfahrt auf Rhodos mit Besuch von Prassonissi, der Stadt Lindos und der Kalithea Thermen<br \/>\n<strong>Unterbringung<\/strong>: 7 \u00dcbernachtungen im 4* Hotel Apollo Beach Faliraki mit Halbpension<br \/>\n<strong>Anmeldeschluss<\/strong>: 25.03.2019<\/p>\n<p>Weitere Informationen und Programm: <a href=\"https:\/\/orpheus-reisen.de\/index.php\/reisen-2019\/144-sommerfrische-auf-rhodos\">https:\/\/orpheus-reisen.de\/index.php\/reisen-2019\/144-sommerfrische-auf-rhodos<\/a><\/p>\n<hr \/>\n<h2>das historische Elsass<br \/>\n<strong>23.05. \u2013 28.05.2019 \/ <\/strong>6t\u00e4gige Busreise<\/h2>\n<p><strong>Reiseleitung<\/strong>: Prof. Dr. Hans Kloft und Regine Kloft-Ollesch<br \/>\n<strong>Programm<\/strong>: Spaziergang zum Breisacher M\u00fcnster, Stadt- und Kirchenf\u00fchrung in Colmar, Besuch des Museums Unterlinden, Eguisheim mit Weinprobe, Besuch Burg Hochk\u00f6nigsburg, S\u00e9lestat: Stadtf\u00fchrung und F\u00fchrung durch die Humanistenbibliothek, R\u00fcckfahrt \u00fcber Niederrotweil (Wehrkirche St. Michael), Fahrt zum Mont St. Odile und zur Heidenmauer, Besichtigung der Kirche in Ottmarshein, Stra\u00dfburg: Stadtf\u00fchrung und F\u00fchrung durch das M\u00fcnster sowie Besuch des arch\u00e4ologischen Museums, Stadtrundgang in Bergheim mit Winzerbesuch<br \/>\n<strong>Anmeldeschluss<\/strong>: 31.03.2019<\/p>\n<p>Weitere Informationen und Programm: <a href=\"https:\/\/orpheus-reisen.de\/index.php\/reisen-2019\/143-das-historische-elsass\">https:\/\/orpheus-reisen.de\/index.php\/reisen-2019\/143-das-historische-elsass<\/a><\/p>\n<hr \/>\n<h2>Regensburg \u2013 Das r\u00f6mische Castra Regina<br \/>\nR\u00f6mische und mittelalterliche Kultur an der Donau<br \/>\n24.\u2013 29. Mai 2018 (6t\u00e4gige Busreise)<\/h2>\n<div><\/div>\n<div>\n<div>Regensburg und seine Umgebung sind das Ziel der Kulturreise. Sie f\u00fchrt zu den r\u00f6mischen \u00dcberresten der Hauptstadt der ehemaligen r\u00f6mischen Provinz Raetien und zu den bedeutenden Zeugnissen des mittelalterlichen Regensburg. Die klassizistische Gedenkhalle Walhalla vor den Toren der Stadt und die sogenannte Befreiungshalle bei Kelheim sind bedeutende Denkm\u00e4ler einer deutschen Erinnerungskultur. Der Ausflug nach Wei\u00dfenburg f\u00fchrt zu dem neu gestalteten R\u00f6mermuseum mit seinem legend\u00e4ren Silberschatz und gilt anschlie\u00dfend dem sehenswerten mittelalterlichen Stadtbild. Die sch\u00f6ne Stadt Straubing ist gepr\u00e4gt von ihrer r\u00f6mischen und mittelalterlichen Vergangenheit; sie besitzt in der romanischen Kirche St. Peter eine einzigartige Darstellung eines mittelalterlichen Totentanzes. Eine Bootsfahrt auf der Donau zum mittelalterlichen Kloster Weltenburg rundet die Kulturreise ab.<\/div>\n<div><\/div>\n<\/div>\n<div>Ihre Reiseleiter: <strong>Prof. Dr. Hans Kloft<\/strong> (Professor f\u00fcr Alte Geschichte) und <strong>Regine Villinger<\/strong> (Religionswissenschaftlerin).<\/div>\n<div><\/div>\n<div>Weitere Informationen und Programm: <a href=\"http:\/\/orpheus-reisen.de\/index.php\/reisen-2018\/118-die-roemer-in-regensburg\">http:\/\/orpheus-reisen.de\/index.php\/reisen-2018\/118-die-roemer-in-regensburg<\/a><\/div>\n<div>\n<hr \/>\n<\/div>\n<h2><strong>Britannien auf den Spuren der R\u00f6mer<br \/>\n<\/strong><strong>01.\u201309. August 2018\/ 9t\u00e4gige Flugreise<\/strong><\/h2>\n<p><em>Provincia Britannia<\/em> \u2013 rund vierhundert Jahre lang herrschten die R\u00f6mer in Britannien. Mit der Eroberung durch Kaiser Claudius (43. n. Chr.) begann die Romanisierung: Milit\u00e4rst\u00fctzpunkte, Siedlungen und Stra\u00dfen wurden gebaut; es wurde Handel getrieben, Kunst gefertigt und gegen Aufst\u00e4ndische gek\u00e4mpft. Spuren dieses r\u00f6mischen Erbes sind bis heute in England, Wales und Schottland zu finden. Sie reichen von kleinen M\u00fcnzen mit dem Portrait des Eroberers Claudius bis zu den gewaltigen Grenzbefestigungen im Norden \u2013 dem Hadrianswall.<\/p>\n<p>Diese Reise f\u00fchrt Sie vom S\u00fcden in den Norden der Insel: Erste Station ist London, das antike <em>Londinium<\/em>. Dort erwarten Sie im <em>Museum of London<\/em> und dem <em>British Museum<\/em> die wichtigsten und spektakul\u00e4rsten arch\u00e4ologischen Funde zur r\u00f6misch-britischen Geschichte. Auch im Stadtbild ist die R\u00f6merzeit noch zu finden. Dies gilt auch f\u00fcr Bath (<em>Aquae Sulis<\/em>), die Stadt in Somerset mit ihren warmen Quellen, die die R\u00f6mer so sch\u00e4tzten. Wir besichtigen dort die weltbekannten r\u00f6mischen B\u00e4der (UNESCO Weltkulturerbe). Unser Weg f\u00fchrt uns weiter in das beschauliche Cirencester (<em>Corinium Dobunnorum<\/em>), einstmals zweigr\u00f6\u00dfte Stadt der Provinz. Das Amphitheater zeugt noch heute von der Bedeutung der Siedlung. Das mehrfach ausgezeichnete <em>Corinium Museum<\/em> der Stadt pr\u00e4sentiert u.a. faszinierende Mosaike. Auf dem Weg zur walischen Grenzen machen wir einen Stopp in der r\u00f6mischen Villa in Chadworth, einer der gr\u00f6\u00dften und sch\u00f6nsten r\u00f6misch-britischen Anlagen dieser Art. In Chester (<em>Deva<\/em>) erwartet uns ein r\u00f6misches Legionslager und die Erlebnisausstellung <em>Dewa Roman Experience<\/em>, die mit dem Erleben der \u201eSehensw\u00fcrdigkeiten, Ger\u00e4usche und Ger\u00fcche\u201c der R\u00f6merzeit wirbt. Sie geh\u00f6rt zu einer Reihe von innovativen musealen Formaten, zu der auch das <em>Jorvik Viking Center<\/em> in York (<em>Eboracum<\/em>) geh\u00f6rt. In diesem arch\u00e4ologischen Zentrum pr\u00e4sentieren Darsteller die nachr\u00f6mische Zeit der Wikinger besonders anschaulich. Die Reise f\u00fchrt Sie weiter an die englisch-schottische Grenze. In der Region um Newcastle (Kastell <em>Pons Aelius<\/em>) ist bis heute der Hadrianswall (UNESCO Weltkulturerbe) zu sehen, erbaut im zweiten Jahrhundert auf einer L\u00e4nge von knapp 120km, um den Grenzverkehr zu kontrollieren und unerw\u00fcnschte Migration zu verhindern. Antoninus Pius lie\u00df im fr\u00fchen dritten Jahrhundert die Grenze noch einmal nach Norden verschieben. Der nach ihm benannte Antoninuswall an der Grenze zum schottischen Hochland ist Zeugnis daf\u00fcr.<\/p>\n<p>Die Reise von London nach Edinburgh f\u00fchrt Sie zu wichtigen Orten der r\u00f6misch-britischen Geschichte. Neben den arch\u00e4ologischen Hinterlassenschaften steht vor allem das kulturelle Erbe der R\u00f6mer im Mittelpunkt: Welche Rolle spielt die r\u00f6mische Geschichte f\u00fcr die Briten heute? Wie wird ihr Erbe sichtbar und erlebbar gemacht?<\/p>\n<p>Neben den kulturellen Gen\u00fcssen sollen auch die leiblichen nicht zu kurz kommen: Wir haben f\u00fcr Sie u.a im ber\u00fchmten <em>Hidcote Manor Garden<\/em> eine klassische englische Tea Time arrangiert. Und in Somerset, dem Apfelgarten der Insel, erwartet Sie eine schmackhafte Cider-Verkostung. F\u00fcr Fr\u00fchst\u00fcck und Abendessen ist im Rahmen der Halbpension an allen Reisetagen gesorgt.<\/p>\n<p>Ihr Reiseleiter: <strong>Nils Steffen<\/strong>, M.A. lehrt derzeit an der Universit\u00e4t Hamburg und ist Vorstandsmitglied im Freundeskreis der Antike zu Bremen e.V. Beruflich besch\u00e4ftigt er sich vor allem mit der Public History, also Formen und Medien von (heutigen) Geschichtsdarstellungen und ihrer Bedeutung f\u00fcr das historische Lernen. Er ist seit 2014 als Reiseleiter f\u00fcr Orpheus Reisen t\u00e4tig.<\/p>\n<p>Weitere Informationen &amp; Programm: <a href=\"http:\/\/orpheus-reisen.de\/index.php\/reisen-2018\/120-britannien-auf-den-spuren-der-roemer\">http:\/\/orpheus-reisen.de\/index.php\/reisen-2018\/120-britannien-auf-den-spuren-der-roemer<\/a><\/p>\n<hr \/>\n<h2>Kreta \u2013 Die Wiege Europas<br \/>\n(11.\u201318. September 2017)<\/h2>\n<div>Helle Sandstr\u00e4nde, silber-gr\u00fcne Olivenhaine und schroffe Bergmassive. Kreta ist eine Insel voller Mythen und historischer St\u00e4tten. In einer H\u00f6hle soll hier der G\u00f6ttervater Zeus auf die Welt gekommen sein. Pasiphae, Tochter des Sonnengottes Helios, gebar nach Vereinigung mit einem Stier den Minotaurus. Ihr Mann Minos k\u00e4mpfte gegen Athen, gewann und lie\u00df fortan alle neun Jahre sieben Jungfrauen und sieben J\u00fcnglinge aus Athen in das Labyrinth des menschenfressenden Minotaurus schicken \u2013 die Tribute von Kreta.<\/div>\n<div>Vor \u00fcber 4.000 Jahren entwickelte sich hier im \u00f6stlichen Mittelmeer die minoische Hochkultur. \u00dcber Jahrtausende blieben von dieser Kultur nur Legenden \u2013 bis die Ruinen von Knossos entdeckt wurden. Heute wissen wir, dass die Minoer eine bedeutende Handelsmacht im Mittelmeer waren und enge Kontakte zu \u00c4gypten und den V\u00f6lkern Mesopotamiens pflegten. Und mittlerweile steht auch fest: Kreta war die Wiege der europ\u00e4ischen Kultur. Nach dem Untergang der Minoer war die Insel immer wieder umk\u00e4mpft und wurde beherrscht von Venezianern, Osmanen und Griechen. Bis heute zeugen Minarette sowie venezianische H\u00e4fen und Portale von dieser Zeit. Dennoch bewahrte sich eine ganz speziellekretische Kultur, die allerorten gepflegt wird.<\/div>\n<div><\/div>\n<div>Auf dieser Orpheus-Reise des Freundeskreises der Antike zu Bremen e.V. nehmen wir Sie<\/div>\n<div>mit auf die mythische Insel und besuchen die Zeugnisse der ersten europ\u00e4ischen Hochkultur. Auf unserem Programm stehen unter anderem der fulminant rekonstruierte <strong>Palast von Knossos<\/strong>, die Sch\u00e4tze im <strong>Arch\u00e4ologischen Museum in Heraklion<\/strong>, das ausgedehnte Ruinenfeld von<strong> Aptera<\/strong>, die eindrucksvolle <strong>Zeus-H\u00f6hle auf der Lassithi Hochebene<\/strong>, das neue und vielfach gepriesene Museum im sp\u00e4tminoischen <strong>Eleftherna<\/strong>, der \u00e4lteste Gesetzescodex Europas in <strong>Gortyn<\/strong> (5. Jh. v. Chr.) und das <strong>Kloster Arkadi<\/strong>, Nationaldenkmal f\u00fcr den Unabh\u00e4ngigkeitskampf der Kreter gegen die osmanische Herrschaft. Auch wenn die antike Geschichte im Zentrum unserer Reise steht, wollen wir nicht die Augen vor den weiteren historischen Entwicklungen in venezianischer und osmanischer Zeit sowie den Sch\u00f6nheiten der Insel verschlie\u00dfen. Spazierg\u00e4nge durch die beeindrucken Gassen von <strong>Chania<\/strong> oder kleine Wanderungen durch die schroffe <strong>Natur <\/strong>bringen uns der kretischen Seele n\u00e4her.<\/div>\n<div><\/div>\n<div>Wir reisen mit Mu\u00dfe: Von nur zwei Hotelstandorten in der Hauptstadt Heraklion und der sch\u00f6nen Hafenstadt Chania erkunden wir im komfortablen Reisebus gemeinsam mit Experten vor Ort die Insel. Auch der Genuss kommt nicht zu kurz. Wir genie\u00dfen in authentischen Tavernen und Restaurants die hervorragende <strong>kretische K\u00fcche<\/strong>, besuchen eine typische <strong>Olivenfarm<\/strong> und probieren die kraftvollen <strong>Weine<\/strong> der sonnenverw\u00f6hnten Insel<\/div>\n<div>\n<p>inmitten der Weinberge.<\/p>\n<\/div>\n<div>Ihre Reiseleiter: <strong>Marko M\u00fcller<\/strong>, M.A. ist wissenschaftlicher Mitarbeiter an der Professur f\u00fcr Alte Geschichte der Universit\u00e4t Bremen. Seit einigen Jahren arbeitet er zur fr\u00fchgriechischen Kultur und gibt Ihnen vor Ort vertiefte Einblicke in die minoische Epoche. <strong>Nils Steffen<\/strong>, M.A. ist wissenschaftlicher Mitarbeiter an der Professur f\u00fcr Angewandte Geschichtswissenschaft \u2013 Public History an der Ruprecht-Karls-Universit\u00e4t Heidelberg. Er besch\u00e4ftigt sich mit verschiedenen Formen der Geschichtsdarstellung und -vermittlung und wird Ihr Augenmerk w\u00e4hrend der Reise immer wieder auf diese Ph\u00e4nomene lenken. Zusammen bieten Marko M\u00fcller und Nils Steffen seit einigen Jahren gemeinsame Studienreisen f\u00fcr den Freundeskreis der Antike zu Bremen e.V. an, in dem beide aktiv sind.<\/div>\n<div><\/div>\n<div>Weitere Informationen und Programm: <a href=\"http:\/\/orpheus-reisen.de\/index.php\/reisen-2017\/103-kreta-die-wiege-europas\">http:\/\/orpheus-reisen.de\/index.php\/reisen-2017\/103-kreta-die-wiege-europas<\/a><\/div>\n<p>&nbsp;<\/p>\n<p>&nbsp;<\/p>\n","protected":false},"excerpt":{"rendered":"<div class=\"entry-summary\">\nReisen Sie mit uns! Auch in diesem Jahr haben wir spannende Reisen&hellip;\n<\/div>\n<div class=\"link-more\"><a href=\"https:\/\/antike-bremen.de\/?page_id=20\" class=\"more-link\">Weiterlesen<span class=\"screen-reader-text\"> &ldquo;Exkursionen&rdquo;<\/span>&hellip;<\/a><\/div>\n","protected":false},"author":1,"featured_media":40,"parent":0,"menu_order":0,"comment_status":"closed","ping_status":"closed","template":"","meta":{"footnotes":""},"class_list":["post-20","page","type-page","status-publish","has-post-thumbnail","hentry","entry"],"_links":{"self":[{"href":"https:\/\/antike-bremen.de\/index.php?rest_route=\/wp\/v2\/pages\/20"}],"collection":[{"href":"https:\/\/antike-bremen.de\/index.php?rest_route=\/wp\/v2\/pages"}],"about":[{"href":"https:\/\/antike-bremen.de\/index.php?rest_route=\/wp\/v2\/types\/page"}],"author":[{"embeddable":true,"href":"https:\/\/antike-bremen.de\/index.php?rest_route=\/wp\/v2\/users\/1"}],"replies":[{"embeddable":true,"href":"https:\/\/antike-bremen.de\/index.php?rest_route=%2Fwp%2Fv2%2Fcomments&post=20"}],"version-history":[{"count":14,"href":"https:\/\/antike-bremen.de\/index.php?rest_route=\/wp\/v2\/pages\/20\/revisions"}],"predecessor-version":[{"id":160,"href":"https:\/\/antike-bremen.de\/index.php?rest_route=\/wp\/v2\/pages\/20\/revisions\/160"}],"wp:featuredmedia":[{"embeddable":true,"href":"https:\/\/antike-bremen.de\/index.php?rest_route=\/wp\/v2\/media\/40"}],"wp:attachment":[{"href":"https:\/\/antike-bremen.de\/index.php?rest_route=%2Fwp%2Fv2%2Fmedia&parent=20"}],"curies":[{"name":"wp","href":"https:\/\/api.w.org\/{rel}","templated":true}]}}