{"id":10,"date":"2017-09-03T10:03:19","date_gmt":"2017-09-03T10:03:19","guid":{"rendered":"http:\/\/antike-bremen.de\/?page_id=10"},"modified":"2023-10-23T09:35:03","modified_gmt":"2023-10-23T09:35:03","slug":"der-verein","status":"publish","type":"page","link":"https:\/\/antike-bremen.de\/","title":{"rendered":"Der Verein"},"content":{"rendered":"\n<p class=\"has-text-align-center\"><strong><a rel=\"noreferrer noopener\" href=\"https:\/\/antike-bremen.de\/?page_id=19\" target=\"_blank\"><span class=\"has-inline-color has-vivid-red-color\">hier<\/span><span class=\"has-inline-color has-black-color\"> geht es zu aktuellen Neuigkeiten und zu den Vortr\u00e4gen &#8211; <\/span><\/a><\/strong><\/p>\n\n\n\n<p class=\"has-text-align-center\"><strong><a rel=\"noreferrer noopener\" href=\"https:\/\/antike-bremen.de\/?page_id=19\" target=\"_blank\"><span class=\"has-inline-color has-vivid-red-color\">bitte anklicken<\/span><\/a><\/strong><\/p>\n\n\n\n<hr class=\"wp-block-separator has-css-opacity\"\/>\n\n\n\n<p class=\"has-text-align-right\"><\/p>\n\n\n<p>\u00a0<\/p>\n<p><strong>Antikes Erbe auf Schritt und Tritt<\/strong><\/p>\n<p>Keine Frage: Die Kulturen der Antike haben die Welt, in der wir leben, und unsere Vorstellungen in vielen Bereichen gepr\u00e4gt. Wer sich mit der Antike auseinandersetzt, st\u00f6\u00dft deshalb auch auf die Wurzeln unserer Kultur &#8211; und unternimmt gleichzeitig einen Ausflug in faszinierende, vergangene fremde Welten.<\/p>\n<p>Bremen bietet dazu die unterschiedlichsten M\u00f6glichkeiten: Denn zu den Sch\u00e4tzen unserer Stadt z\u00e4hlen \u00e4gyptische Mumienmasken im \u00dcbersee-Museum, Meisterwerke griechischer Keramik im Antikenmuseum im Schnoor (jetzt im Museum f\u00fcr Kunst und Gewerbe in Hamburg), r\u00f6mischer Schmuck im Focke-Museum, antike Urkunden in der Papyrussammlung der Staats- und Universit\u00e4tsbibliothek und vieles mehr. Und die Darstellungen antiker Philosophen an der Fassade des Rathauses sind nur ein prominentes Beispiel daf\u00fcr, dass sich bereits unsere Vorfahren mit dem Erbe der Antike auseinandergesetzt haben.<\/p>\n<p><strong>Der Freundeskreis der Antike zu Bremen:<br \/>Unsere Themen, unser Ziel<\/strong><\/p>\n<p>Kunst, Religion, Sprache, Geschichte, Alltagswelt &#8211; der Freundeskreis der Antike zu Bremen hat sich den verschiedenen Facetten antiker Kulturren verschrieben. Dabei blicken wir bewusst \u00fcber den Tellerrand der &#8222;klassischen&#8220;, das hei\u00dft griechisch-r\u00f6mischen Antike hinaus und beziehen die antiken Kulturen des Vorderen Orients und \u00c4gyptens, der Kelten, Germanen und Thraker selbstverst\u00e4ndlich mit ein. Unser Ziel ist es, allen Interessierten faszinierende Funde und Forschungsergebnisse aus diesen Bereichen zug\u00e4nglich zu machen &#8212; fachlich fundiert und verst\u00e4ndlich.<\/p>\n<p><strong>Auf den Spuren vergangener Kulturen<\/strong><\/p>\n<p>R\u00fcckgrat unseres Programms sind regelm\u00e4\u00dfige Vortr\u00e4ge zu aktuellen Forschungen und Themen der Antike, zu denen wir alle Interessierten herzlich einladen. Dar\u00fcber hinaus bieten wir nach M\u00f6glichkeit in jedem Jahr Studienfahrten unter fachkundiger Leitung zu arch\u00e4ologisch interessanten St\u00e4tten oder Ausstellungen an. Termine und Themen finden Sie in unserem Jahresprogramm.<\/p>\n<p>Um unser Angebot thematisch noch attraktiver und abwechslungsreicher gestalten zu k\u00f6nnen, arbeiten wir eng und erfolgreich mit anderen Vereinen wie der Historischen Gesellschaft Bremen e.V. und der Bremer Gesellschaft f\u00fcr Vorgeschichte e.V. zusammen und bieten gemeinsam, h\u00e4ufig unter dem Dach der Wittheit zu Bremen, Veranstaltungen an.<\/p>\n<p><strong>Der Vorstand (seit Dezember 2019)<br \/><\/strong>Prof. Dr. Hans Kloft (Vorsitzender)<br \/>Dr. Brita\u00a0 Jansen\u00a0 (Stellvertretende Vorsitzende)<br \/>Dr. Gunther Faulhammer (Schatzmeister)<\/p>\n<p><strong>Der Beirat<br \/><\/strong>Prof. Dr. Tassilo Schmitt (Universit\u00e4t Bremen)<br \/>Imke Tsch\u00f6pe (Deutscher Altphilologenverband, Bremen)<\/p>\n<p>Sie erreichen den Vorstand \u00fcber info@antike-bremen.de.<\/p>","protected":false},"excerpt":{"rendered":"<div class=\"entry-summary\">\nhier geht es zu aktuellen Neuigkeiten und zu den Vortr\u00e4gen &#8211; bitte&hellip;\n<\/div>\n<div class=\"link-more\"><a href=\"https:\/\/antike-bremen.de\/\" class=\"more-link\">Weiterlesen<span class=\"screen-reader-text\"> &ldquo;Der Verein&rdquo;<\/span>&hellip;<\/a><\/div>\n","protected":false},"author":1,"featured_media":38,"parent":0,"menu_order":0,"comment_status":"closed","ping_status":"closed","template":"","meta":{"footnotes":""},"class_list":["post-10","page","type-page","status-publish","has-post-thumbnail","hentry","entry"],"_links":{"self":[{"href":"https:\/\/antike-bremen.de\/index.php?rest_route=\/wp\/v2\/pages\/10"}],"collection":[{"href":"https:\/\/antike-bremen.de\/index.php?rest_route=\/wp\/v2\/pages"}],"about":[{"href":"https:\/\/antike-bremen.de\/index.php?rest_route=\/wp\/v2\/types\/page"}],"author":[{"embeddable":true,"href":"https:\/\/antike-bremen.de\/index.php?rest_route=\/wp\/v2\/users\/1"}],"replies":[{"embeddable":true,"href":"https:\/\/antike-bremen.de\/index.php?rest_route=%2Fwp%2Fv2%2Fcomments&post=10"}],"version-history":[{"count":20,"href":"https:\/\/antike-bremen.de\/index.php?rest_route=\/wp\/v2\/pages\/10\/revisions"}],"predecessor-version":[{"id":402,"href":"https:\/\/antike-bremen.de\/index.php?rest_route=\/wp\/v2\/pages\/10\/revisions\/402"}],"wp:featuredmedia":[{"embeddable":true,"href":"https:\/\/antike-bremen.de\/index.php?rest_route=\/wp\/v2\/media\/38"}],"wp:attachment":[{"href":"https:\/\/antike-bremen.de\/index.php?rest_route=%2Fwp%2Fv2%2Fmedia&parent=10"}],"curies":[{"name":"wp","href":"https:\/\/api.w.org\/{rel}","templated":true}]}}